{"id":904,"date":"2020-12-06T17:50:20","date_gmt":"2020-12-06T22:50:20","guid":{"rendered":"https:\/\/st-antoine.net\/a-propos\/"},"modified":"2025-04-24T11:36:06","modified_gmt":"2025-04-24T15:36:06","slug":"a-propos","status":"publish","type":"page","link":"https:\/\/st-antoine.net\/fr\/a-propos\/","title":{"rendered":"\u00c0 propos"},"content":{"rendered":"\n<div class=\"wp-block-cover alignfull has-parallax is-light\" style=\"min-height:380px;aspect-ratio:unset;\"><span aria-hidden=\"true\" class=\"wp-block-cover__background has-background-dim wp-block-cover__gradient-background has-background-gradient\" style=\"background:linear-gradient(100deg,rgb(21,50,67) 0%,rgb(26,108,122) 100%)\"><\/span><div class=\"wp-block-cover__image-background wp-image-493 has-parallax\" style=\"background-position:50% 50%;background-image:url(https:\/\/st-antoine.net\/wp-content\/uploads\/2020\/12\/sa_maison_en.jpg)\"><\/div><div class=\"wp-block-cover__inner-container is-layout-flow wp-block-cover-is-layout-flow\">\n<h1 class=\"wp-block-heading has-text-align-center has-white-color has-text-color\">\u00c0 propos de nous<\/h1>\n<\/div><\/div>\n\n\n\n<div class=\"wp-block-group alignfull is-layout-flow wp-block-group-is-layout-flow\"><div class=\"wp-block-group__inner-container\">\n<div class=\"wp-block-columns is-layout-flex wp-container-core-columns-is-layout-1 wp-block-columns-is-layout-flex\">\n<div class=\"wp-block-column is-layout-flow wp-block-column-is-layout-flow\">\n<h2 class=\"wp-block-heading has-text-align-center\">\u00e0 votre service!<\/h2>\n\n\n\n<div style=\"height:45px\" aria-hidden=\"true\" class=\"wp-block-spacer\"><\/div>\n\n\n\n<figure class=\"wp-block-image aligncenter size-medium is-style-rounded\"><img loading=\"lazy\" decoding=\"async\" width=\"300\" height=\"225\" src=\"https:\/\/st-antoine.net\/wp-content\/uploads\/2020\/12\/ma_6091-300x225.jpg\" alt=\"Bienvenidos!\" class=\"wp-image-693\" srcset=\"https:\/\/st-antoine.net\/wp-content\/uploads\/2020\/12\/ma_6091-300x225.jpg 300w, https:\/\/st-antoine.net\/wp-content\/uploads\/2020\/12\/ma_6091.jpg 640w\" sizes=\"(max-width: 300px) 100vw, 300px\" \/><\/figure>\n\n\n\n<div style=\"height:45px\" aria-hidden=\"true\" class=\"wp-block-spacer\"><\/div>\n\n\n\n<p><\/p>\n<\/div>\n\n\n\n<div class=\"wp-block-column is-layout-flow wp-block-column-is-layout-flow\">\n<p><\/p>\n\n\n\n<p><br>Veuillez noter que notre ancien magasin de d\u00e9tail sur l&rsquo;avenue Duluth \u00e0 Montr\u00e9al n&rsquo;est plus en activit\u00e9 car nous avons migr\u00e9 vers une entreprise de vente en gros.<\/p>\n\n\n\n<p><strong>Situ\u00e9 sur l\u2019avenue Duluth dans l\u2019arrondissement \u00e9clectique du&nbsp;<a href=\"https:\/\/www.mtl.org\/fr\/explorer\/quartiers\/plateau-et-mile-end\" target=\"_blank\" rel=\"noreferrer noopener\">Plateau Mont-Royal<\/a> \u00e0 Montr\u00e9al, St-Antoine Importations apporte des tr\u00e9sors mexicains \u00e0 la communaut\u00e9 du Grand Montr\u00e9al depuis pr\u00e8s de 20 ans.<\/strong><\/p>\n\n\n\n<p>Les propri\u00e9taires du magasin rencontrent personnellement les artisans afin de s\u00e9lectionner chaque \u0153uvre d\u2019art import\u00e9e pour assurer la qualit\u00e9 de l\u2019artisanat. St-Antoine Importations ne travaille qu\u2019avec des ateliers offrant des conditions de travail \u00e9quitables aux artisans. Les ateliers s\u00e9lectionn\u00e9s proviennent de plusieurs r\u00e9gions du Mexique et sont entre autres d\u00e9termin\u00e9s par l\u2019expertise de chaque r\u00e9gion et l\u2019artisanat local. Les ateliers sont souvent d\u00e9tenus et g\u00e9r\u00e9s par des familles depuis des g\u00e9n\u00e9rations et nous veillons donc \u00e0 ce que les ententes profitent \u00e0 toutes les parties afin que ces entreprises puissent continuer \u00e0 prosp\u00e9rer.<\/p>\n\n\n\n<p>Le Mexique offre un vaste monde d\u2019objets artisanaux de haute qualit\u00e9, riches en couleurs, qui se pr\u00e9sentent sous diverses formes. Notre magasin de d\u00e9tail a plus de 500 produits de diff\u00e9rents mod\u00e8les et styles, y compris; tuiles, lavabos (c\u00e9ramique et cuivre), quincaillerie d\u00e9corative pour la maison, vaisselle (y compris Talavera), accessoires de bain, pots, vases, coussins, couvertures, v\u00eatements et bijoux. De nombreuses \u0153uvres d\u2019art populaire telles que pour le D\u00eda de los Muertos et d\u2019autres artefacts r\u00e9gionaux sont \u00e9galement disponibles. Notre boutique en ligne&nbsp;<em><a href=\"https:\/\/labodega.art\/fr\" target=\"_blank\" rel=\"noreferrer noopener\">La Bodega<\/a><\/em>&nbsp;propose certains des articles retrouv\u00e9s \u00e0 notre de magasin de d\u00e9tail. Si vous recherchez quelque chose en particulier qui ne se trouve pas en ligne, contactez-nous simplement et nous le mettrons \u00e0 votre disposition (des d\u00e9lais peuvent s\u2019appliquer si les articles ne sont pas en stock). Bref, nous pouvons vous aider \u00e0 ajouter une touche mexicaine \u00e0 votre d\u00e9coration existante ou \u00e0 votre prochain projet de r\u00e9novation!<\/p>\n\n\n\n<p>Nous sommes impatients de vous aider!<\/p>\n\n\n\n<h3 class=\"wp-block-heading\">\u00a1hasta pronto!<\/h3>\n\n\n\n<div style=\"height:36px\" aria-hidden=\"true\" class=\"wp-block-spacer\"><\/div>\n\n\n\n<div class=\"wp-block-buttons is-layout-flex wp-block-buttons-is-layout-flex\"><\/div>\n<\/div>\n<\/div>\n<\/div><\/div>\n\n\n\n<div class=\"wp-block-group alignfull has-background is-layout-flow wp-block-group-is-layout-flow\" style=\"background-color:#f3f9fb\"><div class=\"wp-block-group__inner-container\">\n<div class=\"wp-block-columns is-layout-flex wp-container-core-columns-is-layout-2 wp-block-columns-is-layout-flex\">\n<div class=\"wp-block-column is-vertically-aligned-top is-layout-flow wp-block-column-is-layout-flow\">\n<figure class=\"wp-block-image size-large is-resized\"><img loading=\"lazy\" decoding=\"async\" width=\"478\" height=\"192\" src=\"https:\/\/st-antoine.net\/wp-content\/uploads\/2020\/12\/St-Antoine-Importations.jpg\" alt=\"St-Antoine Importations\" class=\"wp-image-499\" style=\"width:344px;height:138px\" srcset=\"https:\/\/st-antoine.net\/wp-content\/uploads\/2020\/12\/St-Antoine-Importations.jpg 478w, https:\/\/st-antoine.net\/wp-content\/uploads\/2020\/12\/St-Antoine-Importations-300x121.jpg 300w\" sizes=\"(max-width: 478px) 100vw, 478px\" \/><\/figure>\n\n\n\n<p class=\"has-text-color\" style=\"color:#1a6c7a\"><\/p>\n<\/div>\n\n\n\n<div class=\"wp-block-column is-vertically-aligned-top is-layout-flow wp-block-column-is-layout-flow\">\n<h2 class=\"wp-block-heading\">Contactez-nous<\/h2>\n\n\n\n<p>info@st-antoine.net<\/p>\n\n\n\n<p><\/p>\n\n\n\n<pre id=\"tw-target-text\" class=\"wp-block-preformatted\">Veuillez noter que nous sommes pass\u00e9s \u00e0 un mod\u00e8le d'affaires de grossiste. Notre ancien magasin de d\u00e9tail de l'avenue Duluth \u00e0 Montr\u00e9al n'est plus en activit\u00e9.<\/pre>\n<\/div>\n<\/div>\n<\/div><\/div>\n\n\n\n<p><\/p>\n","protected":false},"excerpt":{"rendered":"<p>\u00e0 votre service! Veuillez noter que notre ancien magasin de d\u00e9tail sur l&rsquo;avenue Duluth \u00e0 Montr\u00e9al n&rsquo;est plus en activit\u00e9 car nous avons migr\u00e9 vers une entreprise de vente en gros. Situ\u00e9 sur l\u2019avenue Duluth dans l\u2019arrondissement \u00e9clectique du&nbsp;Plateau Mont-Royal \u00e0 Montr\u00e9al, St-Antoine Importations apporte des tr\u00e9sors mexicains \u00e0 la communaut\u00e9 du Grand Montr\u00e9al depuis [&hellip;]<\/p>\n","protected":false},"author":1,"featured_media":0,"parent":0,"menu_order":0,"comment_status":"closed","ping_status":"closed","template":"","meta":{"site-sidebar-layout":"no-sidebar","site-content-layout":"plain-container","ast-site-content-layout":"normal-width-container","site-content-style":"unboxed","site-sidebar-style":"unboxed","ast-global-header-display":"","ast-banner-title-visibility":"","ast-main-header-display":"","ast-hfb-above-header-display":"","ast-hfb-below-header-display":"","ast-hfb-mobile-header-display":"","site-post-title":"disabled","ast-breadcrumbs-content":"","ast-featured-img":"disabled","footer-sml-layout":"","theme-transparent-header-meta":"enabled","adv-header-id-meta":"","stick-header-meta":"","header-above-stick-meta":"","header-main-stick-meta":"","header-below-stick-meta":"","astra-migrate-meta-layouts":"set","ast-page-background-enabled":"default","ast-page-background-meta":{"desktop":{"background-color":"","background-image":"","background-repeat":"repeat","background-position":"center center","background-size":"auto","background-attachment":"scroll","background-type":"","background-media":"","overlay-type":"","overlay-color":"","overlay-opacity":"","overlay-gradient":""},"tablet":{"background-color":"","background-image":"","background-repeat":"repeat","background-position":"center center","background-size":"auto","background-attachment":"scroll","background-type":"","background-media":"","overlay-type":"","overlay-color":"","overlay-opacity":"","overlay-gradient":""},"mobile":{"background-color":"","background-image":"","background-repeat":"repeat","background-position":"center center","background-size":"auto","background-attachment":"scroll","background-type":"","background-media":"","overlay-type":"","overlay-color":"","overlay-opacity":"","overlay-gradient":""}},"ast-content-background-meta":{"desktop":{"background-color":"var(--ast-global-color-5)","background-image":"","background-repeat":"repeat","background-position":"center center","background-size":"auto","background-attachment":"scroll","background-type":"","background-media":"","overlay-type":"","overlay-color":"","overlay-opacity":"","overlay-gradient":""},"tablet":{"background-color":"var(--ast-global-color-5)","background-image":"","background-repeat":"repeat","background-position":"center center","background-size":"auto","background-attachment":"scroll","background-type":"","background-media":"","overlay-type":"","overlay-color":"","overlay-opacity":"","overlay-gradient":""},"mobile":{"background-color":"var(--ast-global-color-5)","background-image":"","background-repeat":"repeat","background-position":"center center","background-size":"auto","background-attachment":"scroll","background-type":"","background-media":"","overlay-type":"","overlay-color":"","overlay-opacity":"","overlay-gradient":""}},"footnotes":""},"_links":{"self":[{"href":"https:\/\/st-antoine.net\/fr\/wp-json\/wp\/v2\/pages\/904"}],"collection":[{"href":"https:\/\/st-antoine.net\/fr\/wp-json\/wp\/v2\/pages"}],"about":[{"href":"https:\/\/st-antoine.net\/fr\/wp-json\/wp\/v2\/types\/page"}],"author":[{"embeddable":true,"href":"https:\/\/st-antoine.net\/fr\/wp-json\/wp\/v2\/users\/1"}],"replies":[{"embeddable":true,"href":"https:\/\/st-antoine.net\/fr\/wp-json\/wp\/v2\/comments?post=904"}],"version-history":[{"count":14,"href":"https:\/\/st-antoine.net\/fr\/wp-json\/wp\/v2\/pages\/904\/revisions"}],"predecessor-version":[{"id":976,"href":"https:\/\/st-antoine.net\/fr\/wp-json\/wp\/v2\/pages\/904\/revisions\/976"}],"wp:attachment":[{"href":"https:\/\/st-antoine.net\/fr\/wp-json\/wp\/v2\/media?parent=904"}],"curies":[{"name":"wp","href":"https:\/\/api.w.org\/{rel}","templated":true}]}}