{"id":894,"date":"2020-12-06T12:22:11","date_gmt":"2020-12-06T17:22:11","guid":{"rendered":"https:\/\/st-antoine.net\/artisanat-et-art-populaire-mexicain\/"},"modified":"2025-04-24T11:37:48","modified_gmt":"2025-04-24T15:37:48","slug":"artisanat-et-art-populaire-mexicain","status":"publish","type":"page","link":"https:\/\/st-antoine.net\/fr\/","title":{"rendered":"Artisanat et art populaire mexicain"},"content":{"rendered":"\n<div class=\"wp-block-cover alignfull\" style=\"min-height:800px;aspect-ratio:unset;\"><span aria-hidden=\"true\" class=\"wp-block-cover__background has-background-dim wp-block-cover__gradient-background has-background-gradient\" style=\"background:linear-gradient(100deg,rgb(21,50,67) 0%,rgb(26,108,122) 100%)\"><\/span><img loading=\"lazy\" decoding=\"async\" width=\"962\" height=\"423\" class=\"wp-block-cover__image-background wp-image-482\" alt=\"\" src=\"https:\/\/st-antoine.net\/wp-content\/uploads\/2020\/12\/showcase.jpg\" data-object-fit=\"cover\" srcset=\"https:\/\/st-antoine.net\/wp-content\/uploads\/2020\/12\/showcase.jpg 962w, https:\/\/st-antoine.net\/wp-content\/uploads\/2020\/12\/showcase-300x132.jpg 300w, https:\/\/st-antoine.net\/wp-content\/uploads\/2020\/12\/showcase-768x338.jpg 768w\" sizes=\"(max-width: 962px) 100vw, 962px\" \/><div class=\"wp-block-cover__inner-container is-layout-flow wp-block-cover-is-layout-flow\">\n<h1 class=\"wp-block-heading has-text-align-center has-white-color has-text-color\"><strong>Artisanat et art populaire mexicain<\/strong><\/h1>\n\n\n\n<div class=\"wp-block-buttons is-horizontal is-content-justification-center is-layout-flex wp-container-core-buttons-is-layout-1 wp-block-buttons-is-layout-flex\"><\/div>\n<\/div><\/div>\n\n\n\n<div class=\"inherit-container-width wp-block-group alignfull has-white-background-color has-background is-layout-constrained wp-block-group-is-layout-constrained\"><div class=\"wp-block-group__inner-container\">\n<div class=\"wp-block-columns are-vertically-aligned-center is-layout-flex wp-container-core-columns-is-layout-1 wp-block-columns-is-layout-flex\">\n<div class=\"wp-block-column is-vertically-aligned-center is-layout-flow wp-block-column-is-layout-flow\">\n<div class=\"wp-block-cover is-light\"><span aria-hidden=\"true\" class=\"wp-block-cover__background has-background-dim-40 has-background-dim\" style=\"background-color:#153243\"><\/span><img loading=\"lazy\" decoding=\"async\" width=\"640\" height=\"480\" class=\"wp-block-cover__image-background wp-image-485\" alt=\"\" src=\"https:\/\/st-antoine.net\/wp-content\/uploads\/2020\/12\/ta_4403.jpg\" data-object-fit=\"cover\" srcset=\"https:\/\/st-antoine.net\/wp-content\/uploads\/2020\/12\/ta_4403.jpg 640w, https:\/\/st-antoine.net\/wp-content\/uploads\/2020\/12\/ta_4403-300x225.jpg 300w\" sizes=\"(max-width: 640px) 100vw, 640px\" \/><div class=\"wp-block-cover__inner-container is-layout-flow wp-block-cover-is-layout-flow\">\n<p class=\"has-text-align-center has-ast-global-color-5-color has-text-color has-large-font-size\">unique<\/p>\n<\/div><\/div>\n<\/div>\n\n\n\n<div class=\"wp-block-column is-vertically-aligned-center is-layout-flow wp-block-column-is-layout-flow\">\n<div class=\"wp-block-cover\"><span aria-hidden=\"true\" class=\"wp-block-cover__background has-background-dim-40 has-background-dim\" style=\"background-color:#153243\"><\/span><img loading=\"lazy\" decoding=\"async\" width=\"640\" height=\"480\" class=\"wp-block-cover__image-background wp-image-486\" alt=\"\" src=\"https:\/\/st-antoine.net\/wp-content\/uploads\/2020\/12\/ma_4598.jpg\" data-object-fit=\"cover\" srcset=\"https:\/\/st-antoine.net\/wp-content\/uploads\/2020\/12\/ma_4598.jpg 640w, https:\/\/st-antoine.net\/wp-content\/uploads\/2020\/12\/ma_4598-300x225.jpg 300w\" sizes=\"(max-width: 640px) 100vw, 640px\" \/><div class=\"wp-block-cover__inner-container is-layout-flow wp-block-cover-is-layout-flow\">\n<p class=\"has-text-align-center has-large-font-size\">color\u00e9<\/p>\n<\/div><\/div>\n<\/div>\n\n\n\n<div class=\"wp-block-column is-vertically-aligned-center is-layout-flow wp-block-column-is-layout-flow\">\n<div class=\"wp-block-cover\"><span aria-hidden=\"true\" class=\"wp-block-cover__background has-background-dim-40 has-background-dim\" style=\"background-color:#153243\"><\/span><img loading=\"lazy\" decoding=\"async\" width=\"640\" height=\"480\" class=\"wp-block-cover__image-background wp-image-496\" alt=\"\" src=\"https:\/\/st-antoine.net\/wp-content\/uploads\/2020\/12\/ma_02.jpg\" data-object-fit=\"cover\" srcset=\"https:\/\/st-antoine.net\/wp-content\/uploads\/2020\/12\/ma_02.jpg 640w, https:\/\/st-antoine.net\/wp-content\/uploads\/2020\/12\/ma_02-300x225.jpg 300w\" sizes=\"(max-width: 640px) 100vw, 640px\" \/><div class=\"wp-block-cover__inner-container is-layout-flow wp-block-cover-is-layout-flow\">\n<p class=\"has-text-align-center has-large-font-size\">cr\u00e9atif<\/p>\n<\/div><\/div>\n<\/div>\n<\/div>\n<\/div><\/div>\n\n\n\n<div class=\"inherit-container-width wp-block-group alignfull has-white-background-color has-background is-layout-constrained wp-block-group-is-layout-constrained\"><div class=\"wp-block-group__inner-container\">\n<div class=\"wp-block-columns is-layout-flex wp-container-core-columns-is-layout-2 wp-block-columns-is-layout-flex\">\n<div class=\"wp-block-column is-layout-flow wp-block-column-is-layout-flow\">\n<h2 class=\"wp-block-heading has-text-align-left\">qualit\u00e9 et authenticit\u00e9<\/h2>\n<\/div>\n\n\n\n<div class=\"wp-block-column is-layout-flow wp-block-column-is-layout-flow\">\n<p><strong><em>Tr\u00e9sors du Mexique<\/em><\/strong><\/p>\n\n\n\n<p>Le Mexique offre un vaste monde d\u2019artisanat de haute qualit\u00e9, riche en couleurs et de formes vari\u00e9es. Avec St-Antoine Importations, vous trouverez de belles pi\u00e8ces authentiques, habilement r\u00e9alis\u00e9es par des artisans mexicains professionnels. Nous s\u00e9lectionnons soigneusement les pi\u00e8ces, une par une, dans des ateliers d\u00e9tenus et g\u00e9r\u00e9s par des familles depuis des g\u00e9n\u00e9rations. Ce contact direct nous permet d\u2019avoir un bon contr\u00f4le qualit\u00e9 et un commerce juste et \u00e9quitable avec les artisans, qui peuvent vivre de leur art.<\/p>\n<\/div>\n<\/div>\n<\/div><\/div>\n\n\n\n<div class=\"inherit-container-width wp-block-group alignfull has-background is-layout-constrained wp-block-group-is-layout-constrained\" style=\"background:linear-gradient(135deg,rgb(255,255,255) 0%,rgb(237,244,245) 100%)\"><div class=\"wp-block-group__inner-container\">\n<div class=\"wp-block-columns is-layout-flex wp-container-core-columns-is-layout-3 wp-block-columns-is-layout-flex\">\n<div class=\"wp-block-column is-layout-flow wp-block-column-is-layout-flow\">\n<figure class=\"wp-block-image size-large\"><a href=\"https:\/\/st-antoine.net\/fr\/galerie\/\"><img loading=\"lazy\" decoding=\"async\" width=\"640\" height=\"480\" src=\"https:\/\/st-antoine.net\/wp-content\/uploads\/2020\/12\/ma_4504.jpg\" alt=\"\" class=\"wp-image-516\" srcset=\"https:\/\/st-antoine.net\/wp-content\/uploads\/2020\/12\/ma_4504.jpg 640w, https:\/\/st-antoine.net\/wp-content\/uploads\/2020\/12\/ma_4504-300x225.jpg 300w\" sizes=\"(max-width: 640px) 100vw, 640px\" \/><\/a><\/figure>\n<\/div>\n\n\n\n<div class=\"wp-block-column is-layout-flow wp-block-column-is-layout-flow\">\n<figure class=\"wp-block-image size-large\"><a href=\"https:\/\/st-antoine.net\/fr\/galerie\/\"><img loading=\"lazy\" decoding=\"async\" width=\"640\" height=\"480\" src=\"https:\/\/st-antoine.net\/wp-content\/uploads\/2020\/12\/ma_6142.jpg\" alt=\"\" class=\"wp-image-518\" srcset=\"https:\/\/st-antoine.net\/wp-content\/uploads\/2020\/12\/ma_6142.jpg 640w, https:\/\/st-antoine.net\/wp-content\/uploads\/2020\/12\/ma_6142-300x225.jpg 300w\" sizes=\"(max-width: 640px) 100vw, 640px\" \/><\/a><\/figure>\n<\/div>\n\n\n\n<div class=\"wp-block-column is-layout-flow wp-block-column-is-layout-flow\">\n<figure class=\"wp-block-image size-large\"><a href=\"https:\/\/st-antoine.net\/fr\/galerie\/\"><img loading=\"lazy\" decoding=\"async\" width=\"640\" height=\"480\" src=\"https:\/\/st-antoine.net\/wp-content\/uploads\/2020\/12\/ac_1289.jpg\" alt=\"\" class=\"wp-image-521\" srcset=\"https:\/\/st-antoine.net\/wp-content\/uploads\/2020\/12\/ac_1289.jpg 640w, https:\/\/st-antoine.net\/wp-content\/uploads\/2020\/12\/ac_1289-300x225.jpg 300w\" sizes=\"(max-width: 640px) 100vw, 640px\" \/><\/a><\/figure>\n<\/div>\n<\/div>\n<\/div><\/div>\n\n\n\n<div class=\"wp-block-columns is-layout-flex wp-container-core-columns-is-layout-4 wp-block-columns-is-layout-flex\">\n<div class=\"wp-block-column is-vertically-aligned-center is-layout-flow wp-block-column-is-layout-flow\" style=\"flex-basis:33.34%\">\n<figure class=\"wp-block-image size-large\"><img loading=\"lazy\" decoding=\"async\" width=\"478\" height=\"192\" src=\"https:\/\/st-antoine.net\/wp-content\/uploads\/2020\/12\/St-Antoine-Importations.jpg\" alt=\"St-Antoine Importations\" class=\"wp-image-499\" srcset=\"https:\/\/st-antoine.net\/wp-content\/uploads\/2020\/12\/St-Antoine-Importations.jpg 478w, https:\/\/st-antoine.net\/wp-content\/uploads\/2020\/12\/St-Antoine-Importations-300x121.jpg 300w\" sizes=\"(max-width: 478px) 100vw, 478px\" \/><\/figure>\n\n\n\n<p class=\"has-text-color\" style=\"color:#1a6c7a\"><\/p>\n\n\n\n<p class=\"has-text-color\" style=\"color:#1a6c7a\"><\/p>\n<\/div>\n\n\n\n<div class=\"wp-block-column is-layout-flow wp-block-column-is-layout-flow\" style=\"flex-basis:33.34%\"><\/div>\n\n\n\n<div class=\"wp-block-column is-layout-flow wp-block-column-is-layout-flow\" style=\"flex-basis:33.33%\">\n<div class=\"cff-wrapper\"><div class=\"cff-wrapper-ctn \" ><div id=\"cff\"  class=\"cff cff-list-container  cff-default-styles  cff-mob-cols-1 cff-tab-cols-1\"   style=\"width:100%;\"   data-char=\"400\" ><div class=\"cff-error-msg\">\n\t<div>\n\t\t<i class=\"fa fa-lock\" aria-hidden=\"true\" style=\"margin-right: 5px;\"><\/i><b>This message is only visible to admins.<\/b><br\/>\n\t\tProblem displaying Facebook posts. Backup cache in use.\t\t\t\t\t<br\/><a href=\"javascript:void(0);\" id=\"cff-show-error\" onclick=\"cffShowError()\">Click to show error<\/a>\n\t\t\t<script type=\"text\/javascript\">function cffShowError() { document.getElementById(\"cff-error-reason\").style.display = \"block\"; document.getElementById(\"cff-show-error\").style.display = \"none\"; }<\/script>\n\t\t\t<\/div>\n\t\t\t<div id=\"cff-error-reason\">\n\t\t\t\t\t\t\t\t\t<b>Error:<\/b> Error validating access token: The session has been invalidated because the user changed their password or Facebook has changed the session for security reasons.\t\t\t\t\t\t\t\t\t\t\t\t\t<b>Type:<\/b> OAuthException\t\t\t\t\t\t\t\t\t\t\t\t\t\t\t\t\t\t\t\t\t\t\t\t\t\t\t\t\n\t\t\t<\/div>\n\t\t\t\t\n<\/div>\n<div class=\"cff-posts-wrap\">\n<div class=\"cff-likebox cff-bottom\" >\n\t\t<iframe title=\"Likebox Iframe\" src=\"\" class=\"fb_iframe_widget\" data-likebox-id=\"433549956779971\" data-likebox-width=\"300\" data-likebox-header=\"\" data-hide-cover=\"\" data-hide-cta=\"\" data-likebox-faces=\"\" data-height=\"130\" data-locale=\"en_US\" scrolling=\"no\" allowTransparency=\"true\" allow=\"encrypted-media\" ><\/iframe>\n<\/div>\n<\/div><input class=\"cff-pag-url\" type=\"hidden\" data-locatornonce=\"7cbe487487\" data-cff-shortcode=\"\" data-post-id=\"894\" data-feed-id=\"433549956779971\"><\/div><\/div><div class=\"cff-clear\"><\/div><\/div>\n\n\n\n<div style=\"height:36px\" aria-hidden=\"true\" class=\"wp-block-spacer\"><\/div>\n\n\n\n\r\n<div id=\"sb_instagram\"  class=\"sbi sbi_mob_col_1 sbi_tab_col_2 sbi_col_4 sbi_width_resp\" style=\"padding-bottom: 10px;\" data-feedid=\"*1\"  data-res=\"auto\" data-cols=\"4\" data-colsmobile=\"1\" data-colstablet=\"2\" data-num=\"0\" data-nummobile=\"0\" data-item-padding=\"5\" data-shortcode-atts=\"{&quot;feed&quot;:&quot;1&quot;}\"  data-postid=\"894\" data-locatornonce=\"2310a2846c\" data-sbi-flags=\"favorLocal\">\r\n\t<div class=\"sb_instagram_header  sbi_medium sbi_no_avatar\"   >\r\n\t<a class=\"sbi_header_link\" target=\"_blank\" rel=\"nofollow noopener\" href=\"https:\/\/www.instagram.com\/stantoineimportations\/\" title=\"@stantoineimportations\">\r\n\t\t<div class=\"sbi_header_text sbi_no_bio\">\r\n\t\t\t<div class=\"sbi_header_img\">\r\n\t\t\t\t\t\t\t\t\t\t\t\t\t<div class=\"sbi_header_hashtag_icon\"  ><svg class=\"sbi_new_logo fa-instagram fa-w-14\" aria-hidden=\"true\" data-fa-processed=\"\" aria-label=\"Instagram\" data-prefix=\"fab\" data-icon=\"instagram\" role=\"img\" viewBox=\"0 0 448 512\">\n\t                <path fill=\"currentColor\" d=\"M224.1 141c-63.6 0-114.9 51.3-114.9 114.9s51.3 114.9 114.9 114.9S339 319.5 339 255.9 287.7 141 224.1 141zm0 189.6c-41.1 0-74.7-33.5-74.7-74.7s33.5-74.7 74.7-74.7 74.7 33.5 74.7 74.7-33.6 74.7-74.7 74.7zm146.4-194.3c0 14.9-12 26.8-26.8 26.8-14.9 0-26.8-12-26.8-26.8s12-26.8 26.8-26.8 26.8 12 26.8 26.8zm76.1 27.2c-1.7-35.9-9.9-67.7-36.2-93.9-26.2-26.2-58-34.4-93.9-36.2-37-2.1-147.9-2.1-184.9 0-35.8 1.7-67.6 9.9-93.9 36.1s-34.4 58-36.2 93.9c-2.1 37-2.1 147.9 0 184.9 1.7 35.9 9.9 67.7 36.2 93.9s58 34.4 93.9 36.2c37 2.1 147.9 2.1 184.9 0 35.9-1.7 67.7-9.9 93.9-36.2 26.2-26.2 34.4-58 36.2-93.9 2.1-37 2.1-147.8 0-184.8zM398.8 388c-7.8 19.6-22.9 34.7-42.6 42.6-29.5 11.7-99.5 9-132.1 9s-102.7 2.6-132.1-9c-19.6-7.8-34.7-22.9-42.6-42.6-11.7-29.5-9-99.5-9-132.1s-2.6-102.7 9-132.1c7.8-19.6 22.9-34.7 42.6-42.6 29.5-11.7 99.5-9 132.1-9s102.7-2.6 132.1 9c19.6 7.8 34.7 22.9 42.6 42.6 11.7 29.5 9 99.5 9 132.1s2.7 102.7-9 132.1z\"><\/path>\n\t            <\/svg><\/div>\r\n\t\t\t\t\t\t\t<\/div>\r\n\r\n\t\t\t<div class=\"sbi_feedtheme_header_text\">\r\n\t\t\t\t<h3>stantoineimportations<\/h3>\r\n\t\t\t\t\t\t\t<\/div>\r\n\t\t<\/div>\r\n\t<\/a>\r\n<\/div>\r\n\r\n    <div id=\"sbi_images\"  style=\"gap: 10px;\">\r\n\t\t    <\/div>\r\n\r\n\t<div id=\"sbi_load\" >\r\n\r\n\t\r\n\t\r\n<\/div>\r\n\r\n\t    <span class=\"sbi_resized_image_data\" data-feed-id=\"*1\" data-resized=\"[]\">\n\t<\/span>\n\t<\/div>\r\n\r\n\n<\/div>\n<\/div>\n\n\n\n<p><\/p>\n","protected":false},"excerpt":{"rendered":"<p>qualit\u00e9 et authenticit\u00e9 Tr\u00e9sors du Mexique Le Mexique offre un vaste monde d\u2019artisanat de haute qualit\u00e9, riche en couleurs et de formes vari\u00e9es. Avec St-Antoine Importations, vous trouverez de belles pi\u00e8ces authentiques, habilement r\u00e9alis\u00e9es par des artisans mexicains professionnels. Nous s\u00e9lectionnons soigneusement les pi\u00e8ces, une par une, dans des ateliers d\u00e9tenus et g\u00e9r\u00e9s par des [&hellip;]<\/p>\n","protected":false},"author":1,"featured_media":0,"parent":0,"menu_order":0,"comment_status":"closed","ping_status":"closed","template":"","meta":{"site-sidebar-layout":"no-sidebar","site-content-layout":"plain-container","ast-site-content-layout":"normal-width-container","site-content-style":"unboxed","site-sidebar-style":"unboxed","ast-global-header-display":"","ast-banner-title-visibility":"","ast-main-header-display":"","ast-hfb-above-header-display":"","ast-hfb-below-header-display":"","ast-hfb-mobile-header-display":"","site-post-title":"disabled","ast-breadcrumbs-content":"","ast-featured-img":"disabled","footer-sml-layout":"","theme-transparent-header-meta":"enabled","adv-header-id-meta":"","stick-header-meta":"","header-above-stick-meta":"","header-main-stick-meta":"","header-below-stick-meta":"","astra-migrate-meta-layouts":"set","ast-page-background-enabled":"default","ast-page-background-meta":{"desktop":{"background-color":"","background-image":"","background-repeat":"repeat","background-position":"center center","background-size":"auto","background-attachment":"scroll","background-type":"","background-media":"","overlay-type":"","overlay-color":"","overlay-opacity":"","overlay-gradient":""},"tablet":{"background-color":"","background-image":"","background-repeat":"repeat","background-position":"center center","background-size":"auto","background-attachment":"scroll","background-type":"","background-media":"","overlay-type":"","overlay-color":"","overlay-opacity":"","overlay-gradient":""},"mobile":{"background-color":"","background-image":"","background-repeat":"repeat","background-position":"center center","background-size":"auto","background-attachment":"scroll","background-type":"","background-media":"","overlay-type":"","overlay-color":"","overlay-opacity":"","overlay-gradient":""}},"ast-content-background-meta":{"desktop":{"background-color":"var(--ast-global-color-5)","background-image":"","background-repeat":"repeat","background-position":"center center","background-size":"auto","background-attachment":"scroll","background-type":"","background-media":"","overlay-type":"","overlay-color":"","overlay-opacity":"","overlay-gradient":""},"tablet":{"background-color":"var(--ast-global-color-5)","background-image":"","background-repeat":"repeat","background-position":"center center","background-size":"auto","background-attachment":"scroll","background-type":"","background-media":"","overlay-type":"","overlay-color":"","overlay-opacity":"","overlay-gradient":""},"mobile":{"background-color":"var(--ast-global-color-5)","background-image":"","background-repeat":"repeat","background-position":"center center","background-size":"auto","background-attachment":"scroll","background-type":"","background-media":"","overlay-type":"","overlay-color":"","overlay-opacity":"","overlay-gradient":""}},"footnotes":""},"_links":{"self":[{"href":"https:\/\/st-antoine.net\/fr\/wp-json\/wp\/v2\/pages\/894"}],"collection":[{"href":"https:\/\/st-antoine.net\/fr\/wp-json\/wp\/v2\/pages"}],"about":[{"href":"https:\/\/st-antoine.net\/fr\/wp-json\/wp\/v2\/types\/page"}],"author":[{"embeddable":true,"href":"https:\/\/st-antoine.net\/fr\/wp-json\/wp\/v2\/users\/1"}],"replies":[{"embeddable":true,"href":"https:\/\/st-antoine.net\/fr\/wp-json\/wp\/v2\/comments?post=894"}],"version-history":[{"count":5,"href":"https:\/\/st-antoine.net\/fr\/wp-json\/wp\/v2\/pages\/894\/revisions"}],"predecessor-version":[{"id":977,"href":"https:\/\/st-antoine.net\/fr\/wp-json\/wp\/v2\/pages\/894\/revisions\/977"}],"wp:attachment":[{"href":"https:\/\/st-antoine.net\/fr\/wp-json\/wp\/v2\/media?parent=894"}],"curies":[{"name":"wp","href":"https:\/\/api.w.org\/{rel}","templated":true}]}}